{"id":644,"date":"2020-12-28T13:35:23","date_gmt":"2020-12-28T10:35:23","guid":{"rendered":"https:\/\/waterfall.com.tr\/about-us\/"},"modified":"2026-05-13T14:56:06","modified_gmt":"2026-05-13T11:56:06","slug":"about-us","status":"publish","type":"page","link":"https:\/\/waterfall.com.tr\/en\/about-us\/","title":{"rendered":"About Us"},"content":{"rendered":"\n<h2 class=\"wp-block-heading\">OUR JOURNEY: <strong>WATERFALL CONSTRUCTION<\/strong><\/h2>\n\n<p>Waterfall Ltd. was founded by \u015eaban Yaz\u0131c\u0131 and Ali Kozo\u011flu. It has been operating in the construction sector with over 40 years of experience.<\/p>\n\n<p>Our company has been operating in Ku\u015fadas\u0131 since 1998.<\/p>\n\n<p>With more than 300 employees, Waterfall Ltd. offers construction real estate, real estate consultancy sales, and after-sales services. All projects were implemented between 1998 and 2021.<\/p>\n\n<p>WATERFALL LTD. is one of KU\u015eADASI&#8217;s leading construction companies, with many years of experience in the construction sector, and has adopted reliability as a principle through its past successes and meticulousness in project delivery times.<\/p>\n\n<p>We offer environmentally friendly, legally compliant, as well as safe, high-quality, functional, and aesthetic projects.<\/p>\n\n<p>WATERFALL LTD. works with the same meticulousness, care, and seriousness in every project it undertakes. Thus, whether the project is large or small, great importance is primarily given to the project&#8217;s location. All living spaces created by WATERFALL LTD. are located in the most exclusive areas of KU\u015eADASI in terms of transportation and prestige.<\/p>\n\n<p>Another feature of WATERFALL LTD. is that the projects have high-quality standards down to the finest detail and are unique not only in appearance but also in material and application quality.<\/p>\n\n<p>We offer a world where architecture is flawlessly designed, with unlimited social activities.<\/p>\n","protected":false},"excerpt":{"rendered":"<p>OUR JOURNEY: WATERFALL CONSTRUCTION Waterfall Ltd. was founded by \u015eaban Yaz\u0131c\u0131 and Ali Kozo\u011flu. It has been operating in the construction sector with over 40 years of experience. Our company has been operating in Ku\u015fadas\u0131 since 1998. With more than 300 employees, Waterfall Ltd. offers construction real estate, real estate consultancy sales, and after-sales services. [&hellip;]<\/p>\n","protected":false},"author":1,"featured_media":619,"parent":0,"menu_order":0,"comment_status":"closed","ping_status":"closed","template":"","meta":{"footnotes":""},"class_list":["post-644","page","type-page","status-publish","has-post-thumbnail","hentry"],"_links":{"self":[{"href":"https:\/\/waterfall.com.tr\/en\/wp-json\/wp\/v2\/pages\/644","targetHints":{"allow":["GET"]}}],"collection":[{"href":"https:\/\/waterfall.com.tr\/en\/wp-json\/wp\/v2\/pages"}],"about":[{"href":"https:\/\/waterfall.com.tr\/en\/wp-json\/wp\/v2\/types\/page"}],"author":[{"embeddable":true,"href":"https:\/\/waterfall.com.tr\/en\/wp-json\/wp\/v2\/users\/1"}],"replies":[{"embeddable":true,"href":"https:\/\/waterfall.com.tr\/en\/wp-json\/wp\/v2\/comments?post=644"}],"version-history":[{"count":1,"href":"https:\/\/waterfall.com.tr\/en\/wp-json\/wp\/v2\/pages\/644\/revisions"}],"predecessor-version":[{"id":645,"href":"https:\/\/waterfall.com.tr\/en\/wp-json\/wp\/v2\/pages\/644\/revisions\/645"}],"wp:featuredmedia":[{"embeddable":true,"href":"https:\/\/waterfall.com.tr\/en\/wp-json\/wp\/v2\/media\/619"}],"wp:attachment":[{"href":"https:\/\/waterfall.com.tr\/en\/wp-json\/wp\/v2\/media?parent=644"}],"curies":[{"name":"wp","href":"https:\/\/api.w.org\/{rel}","templated":true}]}}